{"id":417,"date":"2023-03-09T11:15:58","date_gmt":"2023-03-09T11:15:58","guid":{"rendered":"http:\/\/localhost\/afg\/?page_id=417"},"modified":"2023-12-26T10:25:51","modified_gmt":"2023-12-26T10:25:51","slug":"mentions-legales","status":"publish","type":"page","link":"https:\/\/afgholding-sa.com\/en\/mentions-legales\/","title":{"rendered":"Legal information"},"content":{"rendered":"<p><\/p>\n<p style=\"text-align: justify;\">Ce site est publi\u00e9 par <strong>AFG HOLDING <\/strong>inscrite sur la liste des compagnies financi\u00e8res de l\u2019UMOA sous le num\u00e9ro CF-A-021<\/p>\n<p style=\"text-align: justify;\">Soci\u00e9t\u00e9 Anonyme avec Conseil d\u2019Administration<\/p>\n<p style=\"text-align: justify;\"><strong>Si\u00e8ge social<\/strong>\u00a0: Abidjan-Plateau, 15 Avenue Joseph Anoma, Immeuble MACI 17\u00e8me \u00e9tage<\/p>\n<p style=\"text-align: justify;\"><strong>Capital Social<\/strong>\u00a0: 49.000.000.000 FCFA<\/p>\n<p style=\"text-align: justify;\"><strong>RCCM<\/strong> : CI-ABJ-03-2022-B14-00047<\/p>\n<p style=\"text-align: justify;\"><strong>Directeur de publication<\/strong>\u00a0: M. Sionl\u00e9 YEO, Directeur G\u00e9n\u00e9ral<\/p>\n<p style=\"text-align: justify;\"><strong>Responsable de la r\u00e9daction<\/strong>\u00a0: M Yannick TIENTCHEU, Directeur de Communication, Marketing &amp; Exp\u00e9rience Client<\/p>\n<p style=\"text-align: justify;\"><strong>Contact<\/strong><strong> :\u00a0<\/strong><\/p>\n<p style=\"text-align: justify;\">Ce site est h\u00e9berg\u00e9 par AFG HOLDING et soumis \u00e0 la loi ivoirienne.<\/p>\n<p style=\"text-align: justify;\">\n<p style=\"text-align: justify;\"><strong><u>ACC\u00c8S AU SITE<\/u><\/strong><strong> :<\/strong><\/p>\n<p style=\"text-align: justify;\">L&rsquo;utilisateur de ce site reconna\u00eet disposer de la comp\u00e9tence et des moyens n\u00e9cessaires pour acc\u00e9der et utiliser ce site.<\/p>\n<p style=\"text-align: justify;\">\nAFG HOLDING ne saurait \u00eatre tenue responsable des \u00e9l\u00e9ments en dehors de son contr\u00f4le et des dommages qui pourraient \u00e9ventuellement \u00eatre subis par l&rsquo;environnement technique de l&rsquo;utilisateur et notamment, ses ordinateurs, logiciels, \u00e9quipements r\u00e9seaux et tout autre mat\u00e9riel utilis\u00e9 pour acc\u00e9der ou utiliser le service et\/ou les informations.<\/p>\n<p style=\"text-align: justify;\">Il est rappel\u00e9 que le fait d&rsquo;acc\u00e9der ou de se maintenir frauduleusement dans un syst\u00e8me informatique, d&rsquo;entraver ou de fausser le fonctionnement d&rsquo;un tel syst\u00e8me, d&rsquo;introduire ou de modifier frauduleusement des donn\u00e9es dans un syst\u00e8me informatique constituent des d\u00e9lits passibles de sanctions p\u00e9nales.<\/p>\n<p style=\"text-align: justify;\">L&rsquo;acc\u00e8s au site afgholding-sa.com est gratuit. Les frais d&rsquo;acc\u00e8s et d&rsquo;utilisation du r\u00e9seau de t\u00e9l\u00e9communication sont \u00e0 la charge du client, selon les modalit\u00e9s fix\u00e9es par ses fournisseurs d&rsquo;acc\u00e8s et op\u00e9rateurs de t\u00e9l\u00e9communication.<\/p>\n<p style=\"text-align: justify;\">\n<p style=\"text-align: justify;\"><strong><u>PROPRI\u00c9T\u00c9 INTELLECTUELLE<\/u><\/strong><strong> :<\/strong><\/p>\n<p style=\"text-align: justify;\">AFG HOLDING est propri\u00e9taire, ou titulaire des droits, de tous les \u00e9l\u00e9ments qui composent ce site notamment les donn\u00e9es, dessins, graphiques, photos, bandes sonores. Toute reproduction, repr\u00e9sentation, diffusion ou rediffusion, totale ou partielle, du contenu de ce site par quelque proc\u00e9d\u00e9 que ce soit sans l&rsquo;autorisation expresse et pr\u00e9alable d\u2019AFG HOLDING est interdite, et constitue une infraction sanctionn\u00e9e par les lois en vigueur et suivants du code de la propri\u00e9t\u00e9 intellectuelle.<\/p>\n<p style=\"text-align: justify;\">Les marques de l&rsquo;\u00e9diteur du site afgholding-sa.com et de ses partenaires, ainsi que les logos figurant sur le site sont des marques d\u00e9pos\u00e9es. Toute reproduction totale ou partielle de ces marques ou de ces logos, effectu\u00e9e \u00e0 partir des \u00e9l\u00e9ments du site sans l&rsquo;autorisation expresse d\u2019AFG HOLDING ou de son ayant-droit est donc prohib\u00e9e.<\/p>\n<p style=\"text-align: justify;\">\n<strong><u>CONTENU DU SITE<\/u> :<\/strong><\/p>\n<p style=\"text-align: justify;\">AFG HOLDING s&rsquo;efforce d&rsquo;assurer l&rsquo;exactitude et la mise \u00e0 jour des informations diffus\u00e9es sur ce site, dont elle se r\u00e9serve le droit de corriger, \u00e0 tout moment et sans pr\u00e9avis, le contenu. Elle ne peut cependant en garantir l&rsquo;exhaustivit\u00e9 ou l&rsquo;absence de modification par un tiers (intrusion, virus).<\/p>\n<p style=\"text-align: justify;\">En outre, AFG HOLDING d\u00e9cline toute responsabilit\u00e9 en cas de difficult\u00e9 ou d\u2019impossibilit\u00e9 d\u2019acc\u00e9der au site due \u00e0 un probl\u00e8me de connexion internet.<\/p>\n<p style=\"text-align: justify;\">AFG HOLDING ne peut \u00eatre tenue pour responsable de toute d\u00e9cision prise sur la base d&rsquo;une information contenue sur le site, ni de l&rsquo;utilisation qui pourrait en \u00eatre faite par des tiers. Toute personne souhaitant b\u00e9n\u00e9ficier d&rsquo;un ou de plusieurs des services et\/ou d&rsquo;un ou de plusieurs produits pr\u00e9sent\u00e9s sur le site est invit\u00e9e \u00e0 contacter AFG HOLDING et\/ou ses filiales pour s&rsquo;informer des conditions contractuelles et tarifaires applicables \u00e0 ce (ou ces) produit(s) et\/ou ce (ou ces) service(s).<\/p>\n<p style=\"text-align: justify;\">\nL&rsquo;acc\u00e8s aux produits et services pr\u00e9sent\u00e9s sur le site ou les sites de redirection peut faire l&rsquo;objet de restrictions \u00e0 l&rsquo;\u00e9gard de certaines personnes ou dans certains pays. Il appartient \u00e0 toute personne int\u00e9ress\u00e9e de v\u00e9rifier pr\u00e9alablement aupr\u00e8s de ses conseils habituels que son statut juridique et fiscal lui permet de souscrire des produits et\/ou des services pr\u00e9sent\u00e9s sur le site.<\/p>\n<p style=\"text-align: justify;\"><strong><u>LIENS HYPERTEXTES<\/u><\/strong><strong> :<\/strong><\/p>\n<p style=\"text-align: justify;\">Le site afgholding-sa.com peut contenir des liens hypertextes permettant l&rsquo;acc\u00e8s \u00e0 des sites qui ne sont pas \u00e9dit\u00e9s par AFG HOLDING. En cons\u00e9quence, AFG HOLDING ne saurait \u00eatre tenue responsable du contenu desdits sites.<br \/>\nLa cr\u00e9ation de liens hypertextes vers le site afgholding-sa.com doit faire l&rsquo;objet d\u2019une autorisation de l\u2019\u00e9diteur. Les pr\u00e9sentes mentions peuvent faire l&rsquo;objet de modifications (sans pr\u00e9avis).<\/p>\n<p style=\"text-align: justify;\"><strong>\u00a0<\/strong><\/p>\n<p style=\"text-align: justify;\"><strong><u>DONN\u00c9ES \u00c0 CARACT\u00c8RE PERSONNEL<\/u><\/strong><strong> :<\/strong><\/p>\n<p style=\"text-align: justify;\">Toutes les informations que vous serez \u00e9ventuellement amener \u00e0 saisir seront enregistr\u00e9es par AFG HOLDING (Responsable de traitement), uniquement pour l&rsquo;am\u00e9lioration de votre exp\u00e9rience. Vous disposez des droits sur vos informations personnelles aux conditions pr\u00e9vues par la loi lorsque vous le souhaitez.<\/p>\n<p style=\"text-align: justify;\">Ces droits pourront \u00eatre exerc\u00e9s aupr\u00e8s du correspondant \u00e0 la protection des donn\u00e9es personnelles d\u2019AFG HOLDING \u00e0 l\u2019adresse du si\u00e8ge social ci-dessus ou le courriel ci-dessous\u00a0:<\/p>\n<p style=\"text-align: justify;\">Courrier:<\/p>\n<p><\/p>","protected":false},"excerpt":{"rendered":"<p>Ce site est publi\u00e9 par AFG HOLDING inscrite sur la liste des compagnies financi\u00e8res de l\u2019UMOA sous le num\u00e9ro CF-A-021 Soci\u00e9t\u00e9 Anonyme avec Conseil d\u2019Administration Si\u00e8ge social\u00a0: Abidjan-Plateau, 15 Avenue Joseph Anoma, Immeuble MACI 17\u00e8me \u00e9tage Capital Social\u00a0: 49.000.000.000 FCFA RCCM : CI-ABJ-03-2022-B14-00047 Directeur de publication\u00a0: M. Sionl\u00e9 YEO, Directeur G\u00e9n\u00e9ral Responsable de la r\u00e9daction\u00a0: [&hellip;]<\/p>\n","protected":false},"author":2,"featured_media":0,"parent":0,"menu_order":0,"comment_status":"closed","ping_status":"closed","template":"","meta":{"_acf_changed":false,"footnotes":""},"class_list":["post-417","page","type-page","status-publish","hentry"],"acf":[],"yoast_head":"<!-- This site is optimized with the Yoast SEO plugin v27.4 - https:\/\/yoast.com\/product\/yoast-seo-wordpress\/ -->\n<title>Mentions l\u00e9gales -<\/title>\n<meta name=\"robots\" content=\"index, follow, max-snippet:-1, max-image-preview:large, max-video-preview:-1\" \/>\n<link rel=\"canonical\" href=\"https:\/\/afgholding-sa.com\/en\/mentions-legales\/\" \/>\n<meta property=\"og:locale\" content=\"en_GB\" \/>\n<meta property=\"og:type\" content=\"article\" \/>\n<meta property=\"og:title\" content=\"[:fr]Mentions l\u00e9gales[:en]Terms of use[:] -\" \/>\n<meta property=\"og:description\" content=\"Ce site est publi\u00e9 par AFG HOLDING inscrite sur la liste des compagnies financi\u00e8res de l\u2019UMOA sous le num\u00e9ro CF-A-021 Soci\u00e9t\u00e9 Anonyme avec Conseil d\u2019Administration Si\u00e8ge social\u00a0: Abidjan-Plateau, 15 Avenue Joseph Anoma, Immeuble MACI 17\u00e8me \u00e9tage Capital Social\u00a0: 49.000.000.000 FCFA RCCM : CI-ABJ-03-2022-B14-00047 Directeur de publication\u00a0: M. Sionl\u00e9 YEO, Directeur G\u00e9n\u00e9ral Responsable de la r\u00e9daction\u00a0: [&hellip;]\" \/>\n<meta property=\"og:url\" content=\"https:\/\/afgholding-sa.com\/en\/mentions-legales\/\" \/>\n<meta property=\"og:site_name\" content=\"AFG Holding\" \/>\n<meta property=\"article:publisher\" content=\"https:\/\/web.facebook.com\/profile.php?id=100088071250994\" \/>\n<meta property=\"article:modified_time\" content=\"2023-12-26T10:25:51+00:00\" \/>\n<meta name=\"twitter:card\" content=\"summary_large_image\" \/>\n<meta name=\"twitter:label1\" content=\"Estimated reading time\" \/>\n\t<meta name=\"twitter:data1\" content=\"4 minutes\" \/>\n<script type=\"application\/ld+json\" class=\"yoast-schema-graph\">{\"@context\":\"https:\\\/\\\/schema.org\",\"@graph\":[{\"@type\":\"WebPage\",\"@id\":\"https:\\\/\\\/afgholding-sa.com\\\/mentions-legales\\\/\",\"url\":\"https:\\\/\\\/afgholding-sa.com\\\/mentions-legales\\\/\",\"name\":\"[:fr]Mentions l\u00e9gales[:en]Terms of use[:] -\",\"isPartOf\":{\"@id\":\"https:\\\/\\\/afgholding-sa.com\\\/#website\"},\"datePublished\":\"2023-03-09T11:15:58+00:00\",\"dateModified\":\"2023-12-26T10:25:51+00:00\",\"breadcrumb\":{\"@id\":\"https:\\\/\\\/afgholding-sa.com\\\/mentions-legales\\\/#breadcrumb\"},\"inLanguage\":\"en-GB\",\"potentialAction\":[{\"@type\":\"ReadAction\",\"target\":[\"https:\\\/\\\/afgholding-sa.com\\\/mentions-legales\\\/\"]}]},{\"@type\":\"BreadcrumbList\",\"@id\":\"https:\\\/\\\/afgholding-sa.com\\\/mentions-legales\\\/#breadcrumb\",\"itemListElement\":[{\"@type\":\"ListItem\",\"position\":1,\"name\":\"Home\",\"item\":\"https:\\\/\\\/afgholding-sa.com\\\/\"},{\"@type\":\"ListItem\",\"position\":2,\"name\":\"Mentions l\u00e9gales\"}]},{\"@type\":\"WebSite\",\"@id\":\"https:\\\/\\\/afgholding-sa.com\\\/#website\",\"url\":\"https:\\\/\\\/afgholding-sa.com\\\/\",\"name\":\"AFG Holding\",\"description\":\"... Et tout devient possible\",\"publisher\":{\"@id\":\"https:\\\/\\\/afgholding-sa.com\\\/#organization\"},\"potentialAction\":[{\"@type\":\"SearchAction\",\"target\":{\"@type\":\"EntryPoint\",\"urlTemplate\":\"https:\\\/\\\/afgholding-sa.com\\\/?s={search_term_string}\"},\"query-input\":{\"@type\":\"PropertyValueSpecification\",\"valueRequired\":true,\"valueName\":\"search_term_string\"}}],\"inLanguage\":\"en-GB\"},{\"@type\":\"Organization\",\"@id\":\"https:\\\/\\\/afgholding-sa.com\\\/#organization\",\"name\":\"AFG Holding\",\"url\":\"https:\\\/\\\/afgholding-sa.com\\\/\",\"logo\":{\"@type\":\"ImageObject\",\"inLanguage\":\"en-GB\",\"@id\":\"https:\\\/\\\/afgholding-sa.com\\\/#\\\/schema\\\/logo\\\/image\\\/\",\"url\":\"https:\\\/\\\/afgholding-sa.com\\\/wp-content\\\/uploads\\\/2024\\\/06\\\/logo_holding-JPG-scaled.jpg\",\"contentUrl\":\"https:\\\/\\\/afgholding-sa.com\\\/wp-content\\\/uploads\\\/2024\\\/06\\\/logo_holding-JPG-scaled.jpg\",\"width\":2560,\"height\":1082,\"caption\":\"AFG Holding\"},\"image\":{\"@id\":\"https:\\\/\\\/afgholding-sa.com\\\/#\\\/schema\\\/logo\\\/image\\\/\"},\"sameAs\":[\"https:\\\/\\\/web.facebook.com\\\/profile.php?id=100088071250994\"]}]}<\/script>\n<!-- \/ Yoast SEO plugin. -->","yoast_head_json":{"title":"[:fr]Mentions l\u00e9gales[:en]Terms of use[:] -","robots":{"index":"index","follow":"follow","max-snippet":"max-snippet:-1","max-image-preview":"max-image-preview:large","max-video-preview":"max-video-preview:-1"},"canonical":"https:\/\/afgholding-sa.com\/en\/mentions-legales\/","og_locale":"en_GB","og_type":"article","og_title":"[:fr]Mentions l\u00e9gales[:en]Terms of use[:] -","og_description":"Ce site est publi\u00e9 par AFG HOLDING inscrite sur la liste des compagnies financi\u00e8res de l\u2019UMOA sous le num\u00e9ro CF-A-021 Soci\u00e9t\u00e9 Anonyme avec Conseil d\u2019Administration Si\u00e8ge social\u00a0: Abidjan-Plateau, 15 Avenue Joseph Anoma, Immeuble MACI 17\u00e8me \u00e9tage Capital Social\u00a0: 49.000.000.000 FCFA RCCM : CI-ABJ-03-2022-B14-00047 Directeur de publication\u00a0: M. Sionl\u00e9 YEO, Directeur G\u00e9n\u00e9ral Responsable de la r\u00e9daction\u00a0: [&hellip;]","og_url":"https:\/\/afgholding-sa.com\/en\/mentions-legales\/","og_site_name":"AFG Holding","article_publisher":"https:\/\/web.facebook.com\/profile.php?id=100088071250994","article_modified_time":"2023-12-26T10:25:51+00:00","twitter_card":"summary_large_image","twitter_misc":{"Estimated reading time":"4 minutes"},"schema":{"@context":"https:\/\/schema.org","@graph":[{"@type":"WebPage","@id":"https:\/\/afgholding-sa.com\/mentions-legales\/","url":"https:\/\/afgholding-sa.com\/mentions-legales\/","name":"[:fr]Mentions l\u00e9gales[:en]Terms of use[:] -","isPartOf":{"@id":"https:\/\/afgholding-sa.com\/#website"},"datePublished":"2023-03-09T11:15:58+00:00","dateModified":"2023-12-26T10:25:51+00:00","breadcrumb":{"@id":"https:\/\/afgholding-sa.com\/mentions-legales\/#breadcrumb"},"inLanguage":"en-GB","potentialAction":[{"@type":"ReadAction","target":["https:\/\/afgholding-sa.com\/mentions-legales\/"]}]},{"@type":"BreadcrumbList","@id":"https:\/\/afgholding-sa.com\/mentions-legales\/#breadcrumb","itemListElement":[{"@type":"ListItem","position":1,"name":"Home","item":"https:\/\/afgholding-sa.com\/"},{"@type":"ListItem","position":2,"name":"Mentions l\u00e9gales"}]},{"@type":"WebSite","@id":"https:\/\/afgholding-sa.com\/#website","url":"https:\/\/afgholding-sa.com\/","name":"AFG Holding","description":"... Et tout devient possible","publisher":{"@id":"https:\/\/afgholding-sa.com\/#organization"},"potentialAction":[{"@type":"SearchAction","target":{"@type":"EntryPoint","urlTemplate":"https:\/\/afgholding-sa.com\/?s={search_term_string}"},"query-input":{"@type":"PropertyValueSpecification","valueRequired":true,"valueName":"search_term_string"}}],"inLanguage":"en-GB"},{"@type":"Organization","@id":"https:\/\/afgholding-sa.com\/#organization","name":"AFG Holding","url":"https:\/\/afgholding-sa.com\/","logo":{"@type":"ImageObject","inLanguage":"en-GB","@id":"https:\/\/afgholding-sa.com\/#\/schema\/logo\/image\/","url":"https:\/\/afgholding-sa.com\/wp-content\/uploads\/2024\/06\/logo_holding-JPG-scaled.jpg","contentUrl":"https:\/\/afgholding-sa.com\/wp-content\/uploads\/2024\/06\/logo_holding-JPG-scaled.jpg","width":2560,"height":1082,"caption":"AFG Holding"},"image":{"@id":"https:\/\/afgholding-sa.com\/#\/schema\/logo\/image\/"},"sameAs":["https:\/\/web.facebook.com\/profile.php?id=100088071250994"]}]}},"_links":{"self":[{"href":"https:\/\/afgholding-sa.com\/en\/wp-json\/wp\/v2\/pages\/417","targetHints":{"allow":["GET"]}}],"collection":[{"href":"https:\/\/afgholding-sa.com\/en\/wp-json\/wp\/v2\/pages"}],"about":[{"href":"https:\/\/afgholding-sa.com\/en\/wp-json\/wp\/v2\/types\/page"}],"author":[{"embeddable":true,"href":"https:\/\/afgholding-sa.com\/en\/wp-json\/wp\/v2\/users\/2"}],"replies":[{"embeddable":true,"href":"https:\/\/afgholding-sa.com\/en\/wp-json\/wp\/v2\/comments?post=417"}],"version-history":[{"count":7,"href":"https:\/\/afgholding-sa.com\/en\/wp-json\/wp\/v2\/pages\/417\/revisions"}],"predecessor-version":[{"id":5864,"href":"https:\/\/afgholding-sa.com\/en\/wp-json\/wp\/v2\/pages\/417\/revisions\/5864"}],"wp:attachment":[{"href":"https:\/\/afgholding-sa.com\/en\/wp-json\/wp\/v2\/media?parent=417"}],"curies":[{"name":"wp","href":"https:\/\/api.w.org\/{rel}","templated":true}]}}