{"id":52456,"date":"2025-08-27T07:56:24","date_gmt":"2025-08-27T07:56:24","guid":{"rendered":"https:\/\/afgholding-sa.com\/?page_id=52456"},"modified":"2025-09-11T08:43:22","modified_gmt":"2025-09-11T08:43:22","slug":"confirmation-dinscription-conference-afg-holding","status":"publish","type":"page","link":"https:\/\/afgholding-sa.com\/en\/confirmation-dinscription-conference-afg-holding\/","title":{"rendered":"Confirmation d&rsquo;inscription Conf\u00e9rence AFG\u00a0Holding"},"content":{"rendered":"<p><!-- Bootstrap --><\/p>\n<style>\n  .header-section {<br \/>    padding: 20px 0;<br \/>  }<\/p>\n<p>  .header-text {<br \/>    font-size: 1.8rem;<br \/>    font-weight: 600;<br \/>    color: #001952;<br \/>  }<\/p>\n<p>  .header-logo {<br \/>    max-height: 100px;<br \/>  }<\/p>\n<p>  .theme-text {<br \/>    font-size: 1.5rem;<br \/>  }<\/p>\n<p>  \/* Responsive adjustments for mobile *\/<br \/>  @media (max-width: 768px) {<br \/>    .header-text {<br \/>      font-size: 1.4rem;<br \/>      text-align: center !important;<br \/>    }<\/p>\n<p>    .theme-text {<br \/>      font-size: 1.2rem;<br \/>      text-align: center;<br \/>    }<\/p>\n<p>    .header-logo {<br \/>      max-width: 80%;<br \/>      height: auto;<br \/>    }<br \/>  }<br \/><\/style>\n<div class=\"container header-section\">\n<div class=\"row align-items-center\">\n<div class=\"col-12 col-md-6 d-flex justify-content-center justify-content-md-start mb-3 mb-md-0\"><img fetchpriority=\"high\" decoding=\"async\" class=\"img-fluid header-logo\" src=\"https:\/\/afgholding-sa.com\/wp-content\/uploads\/2025\/08\/AFG-x-IATF-1-scaled.png\" alt=\"AFG Bank + IATF 2025\" width=\"775\" height=\"215\" \/><\/div>\n<div class=\"col-12 col-md-6 text-center text-md-start\">\n<h3 class=\"header-text\">CONFIRMATION D&rsquo;INSCRIPTION CONF\u00c9RENCE AFG HOLDING<\/h3>\n<\/div>\n<\/div>\n<p>&nbsp;<\/p>\n<h3 class=\"theme-text mt-3 text-center\"><span style=\"text-decoration: underline;\"><span style=\"color: #001051; text-decoration: underline;\">Th\u00e8me:<\/span><\/span><br \/>\n<span style=\"color: #e20000;\">AFG Bank, Catalyseur du Commerce International en Afrique<\/span><\/h3>\n<\/div>\n<p>&nbsp;<\/p>\n<div class=\"container header-section\">\n<h5 style=\"text-align: center;\"><span style=\"color: #e20000;\">Inscription ferm\u00e9e<\/span><\/h5>\n<\/div>\n<p>&nbsp;<\/p>\n<p>&nbsp;<\/p>","protected":false},"excerpt":{"rendered":"<p>CONFIRMATION D&rsquo;INSCRIPTION CONF\u00c9RENCE AFG HOLDING &nbsp; Th\u00e8me: AFG Bank, Catalyseur du Commerce International en Afrique &nbsp; Inscription ferm\u00e9e &nbsp; &nbsp;<\/p>","protected":false},"author":2,"featured_media":0,"parent":0,"menu_order":0,"comment_status":"closed","ping_status":"closed","template":"elementor_header_footer","meta":{"_acf_changed":false,"footnotes":""},"class_list":["post-52456","page","type-page","status-publish","hentry"],"acf":[],"yoast_head":"<!-- This site is optimized with the Yoast SEO plugin v27.3 - https:\/\/yoast.com\/product\/yoast-seo-wordpress\/ -->\n<title>Confirmation d&#039;inscription Conf\u00e9rence AFG\u00a0Holding -<\/title>\n<meta name=\"robots\" content=\"index, follow, max-snippet:-1, max-image-preview:large, max-video-preview:-1\" \/>\n<link rel=\"canonical\" href=\"https:\/\/afgholding-sa.com\/en\/confirmation-dinscription-conference-afg-holding\/\" \/>\n<meta property=\"og:locale\" content=\"en_GB\" \/>\n<meta property=\"og:type\" content=\"article\" \/>\n<meta property=\"og:title\" content=\"[:fr]Confirmation d&#039;inscription Conf\u00e9rence AFG\u00a0Holding[:en]Registration confirmation AFG Holding Conference[:] -\" \/>\n<meta property=\"og:description\" content=\"CONFIRMATION D&rsquo;INSCRIPTION CONF\u00c9RENCE AFG HOLDING &nbsp; Th\u00e8me: AFG Bank, Catalyseur du Commerce International en Afrique &nbsp; Inscription ferm\u00e9e &nbsp; &nbsp;\" \/>\n<meta property=\"og:url\" content=\"https:\/\/afgholding-sa.com\/en\/confirmation-dinscription-conference-afg-holding\/\" \/>\n<meta property=\"og:site_name\" content=\"AFG Holding\" \/>\n<meta property=\"article:publisher\" content=\"https:\/\/web.facebook.com\/profile.php?id=100088071250994\" \/>\n<meta property=\"article:modified_time\" content=\"2025-09-11T08:43:22+00:00\" \/>\n<meta property=\"og:image\" content=\"https:\/\/afgholding-sa.com\/wp-content\/uploads\/2025\/08\/AFG-x-IATF-1-scaled.png\" \/>\n<meta name=\"twitter:card\" content=\"summary_large_image\" \/>\n<meta name=\"twitter:label1\" content=\"Estimated reading time\" \/>\n\t<meta name=\"twitter:data1\" content=\"1 minute\" \/>\n<script type=\"application\/ld+json\" class=\"yoast-schema-graph\">{\"@context\":\"https:\\\/\\\/schema.org\",\"@graph\":[{\"@type\":\"WebPage\",\"@id\":\"https:\\\/\\\/afgholding-sa.com\\\/confirmation-dinscription-conference-afg-holding\\\/\",\"url\":\"https:\\\/\\\/afgholding-sa.com\\\/confirmation-dinscription-conference-afg-holding\\\/\",\"name\":\"[:fr]Confirmation d'inscription Conf\u00e9rence AFG\u00a0Holding[:en]Registration confirmation AFG Holding Conference[:] -\",\"isPartOf\":{\"@id\":\"https:\\\/\\\/afgholding-sa.com\\\/#website\"},\"primaryImageOfPage\":{\"@id\":\"https:\\\/\\\/afgholding-sa.com\\\/confirmation-dinscription-conference-afg-holding\\\/#primaryimage\"},\"image\":{\"@id\":\"https:\\\/\\\/afgholding-sa.com\\\/confirmation-dinscription-conference-afg-holding\\\/#primaryimage\"},\"thumbnailUrl\":\"https:\\\/\\\/afgholding-sa.com\\\/wp-content\\\/uploads\\\/2025\\\/08\\\/AFG-x-IATF-1-scaled.png\",\"datePublished\":\"2025-08-27T07:56:24+00:00\",\"dateModified\":\"2025-09-11T08:43:22+00:00\",\"breadcrumb\":{\"@id\":\"https:\\\/\\\/afgholding-sa.com\\\/confirmation-dinscription-conference-afg-holding\\\/#breadcrumb\"},\"inLanguage\":\"en-GB\",\"potentialAction\":[{\"@type\":\"ReadAction\",\"target\":[\"https:\\\/\\\/afgholding-sa.com\\\/confirmation-dinscription-conference-afg-holding\\\/\"]}]},{\"@type\":\"ImageObject\",\"inLanguage\":\"en-GB\",\"@id\":\"https:\\\/\\\/afgholding-sa.com\\\/confirmation-dinscription-conference-afg-holding\\\/#primaryimage\",\"url\":\"https:\\\/\\\/afgholding-sa.com\\\/wp-content\\\/uploads\\\/2025\\\/08\\\/AFG-x-IATF-1-scaled.png\",\"contentUrl\":\"https:\\\/\\\/afgholding-sa.com\\\/wp-content\\\/uploads\\\/2025\\\/08\\\/AFG-x-IATF-1-scaled.png\"},{\"@type\":\"BreadcrumbList\",\"@id\":\"https:\\\/\\\/afgholding-sa.com\\\/confirmation-dinscription-conference-afg-holding\\\/#breadcrumb\",\"itemListElement\":[{\"@type\":\"ListItem\",\"position\":1,\"name\":\"Home\",\"item\":\"https:\\\/\\\/afgholding-sa.com\\\/\"},{\"@type\":\"ListItem\",\"position\":2,\"name\":\"Confirmation d&rsquo;inscription Conf\u00e9rence AFG\u00a0Holding\"}]},{\"@type\":\"WebSite\",\"@id\":\"https:\\\/\\\/afgholding-sa.com\\\/#website\",\"url\":\"https:\\\/\\\/afgholding-sa.com\\\/\",\"name\":\"AFG Holding\",\"description\":\"... Et tout devient possible\",\"publisher\":{\"@id\":\"https:\\\/\\\/afgholding-sa.com\\\/#organization\"},\"potentialAction\":[{\"@type\":\"SearchAction\",\"target\":{\"@type\":\"EntryPoint\",\"urlTemplate\":\"https:\\\/\\\/afgholding-sa.com\\\/?s={search_term_string}\"},\"query-input\":{\"@type\":\"PropertyValueSpecification\",\"valueRequired\":true,\"valueName\":\"search_term_string\"}}],\"inLanguage\":\"en-GB\"},{\"@type\":\"Organization\",\"@id\":\"https:\\\/\\\/afgholding-sa.com\\\/#organization\",\"name\":\"AFG Holding\",\"url\":\"https:\\\/\\\/afgholding-sa.com\\\/\",\"logo\":{\"@type\":\"ImageObject\",\"inLanguage\":\"en-GB\",\"@id\":\"https:\\\/\\\/afgholding-sa.com\\\/#\\\/schema\\\/logo\\\/image\\\/\",\"url\":\"https:\\\/\\\/afgholding-sa.com\\\/wp-content\\\/uploads\\\/2024\\\/06\\\/logo_holding-JPG-scaled.jpg\",\"contentUrl\":\"https:\\\/\\\/afgholding-sa.com\\\/wp-content\\\/uploads\\\/2024\\\/06\\\/logo_holding-JPG-scaled.jpg\",\"width\":2560,\"height\":1082,\"caption\":\"AFG Holding\"},\"image\":{\"@id\":\"https:\\\/\\\/afgholding-sa.com\\\/#\\\/schema\\\/logo\\\/image\\\/\"},\"sameAs\":[\"https:\\\/\\\/web.facebook.com\\\/profile.php?id=100088071250994\"]}]}<\/script>\n<!-- \/ Yoast SEO plugin. -->","yoast_head_json":{"title":"[:fr]Confirmation d'inscription Conf\u00e9rence AFG\u00a0Holding[:en]Registration confirmation AFG Holding Conference[:] -","robots":{"index":"index","follow":"follow","max-snippet":"max-snippet:-1","max-image-preview":"max-image-preview:large","max-video-preview":"max-video-preview:-1"},"canonical":"https:\/\/afgholding-sa.com\/en\/confirmation-dinscription-conference-afg-holding\/","og_locale":"en_GB","og_type":"article","og_title":"[:fr]Confirmation d'inscription Conf\u00e9rence AFG\u00a0Holding[:en]Registration confirmation AFG Holding Conference[:] -","og_description":"CONFIRMATION D&rsquo;INSCRIPTION CONF\u00c9RENCE AFG HOLDING &nbsp; Th\u00e8me: AFG Bank, Catalyseur du Commerce International en Afrique &nbsp; Inscription ferm\u00e9e &nbsp; &nbsp;","og_url":"https:\/\/afgholding-sa.com\/en\/confirmation-dinscription-conference-afg-holding\/","og_site_name":"AFG Holding","article_publisher":"https:\/\/web.facebook.com\/profile.php?id=100088071250994","article_modified_time":"2025-09-11T08:43:22+00:00","og_image":[{"url":"https:\/\/afgholding-sa.com\/wp-content\/uploads\/2025\/08\/AFG-x-IATF-1-scaled.png","type":"","width":"","height":""}],"twitter_card":"summary_large_image","twitter_misc":{"Estimated reading time":"1 minute"},"schema":{"@context":"https:\/\/schema.org","@graph":[{"@type":"WebPage","@id":"https:\/\/afgholding-sa.com\/confirmation-dinscription-conference-afg-holding\/","url":"https:\/\/afgholding-sa.com\/confirmation-dinscription-conference-afg-holding\/","name":"[:fr]Confirmation d'inscription Conf\u00e9rence AFG\u00a0Holding[:en]Registration confirmation AFG Holding Conference[:] -","isPartOf":{"@id":"https:\/\/afgholding-sa.com\/#website"},"primaryImageOfPage":{"@id":"https:\/\/afgholding-sa.com\/confirmation-dinscription-conference-afg-holding\/#primaryimage"},"image":{"@id":"https:\/\/afgholding-sa.com\/confirmation-dinscription-conference-afg-holding\/#primaryimage"},"thumbnailUrl":"https:\/\/afgholding-sa.com\/wp-content\/uploads\/2025\/08\/AFG-x-IATF-1-scaled.png","datePublished":"2025-08-27T07:56:24+00:00","dateModified":"2025-09-11T08:43:22+00:00","breadcrumb":{"@id":"https:\/\/afgholding-sa.com\/confirmation-dinscription-conference-afg-holding\/#breadcrumb"},"inLanguage":"en-GB","potentialAction":[{"@type":"ReadAction","target":["https:\/\/afgholding-sa.com\/confirmation-dinscription-conference-afg-holding\/"]}]},{"@type":"ImageObject","inLanguage":"en-GB","@id":"https:\/\/afgholding-sa.com\/confirmation-dinscription-conference-afg-holding\/#primaryimage","url":"https:\/\/afgholding-sa.com\/wp-content\/uploads\/2025\/08\/AFG-x-IATF-1-scaled.png","contentUrl":"https:\/\/afgholding-sa.com\/wp-content\/uploads\/2025\/08\/AFG-x-IATF-1-scaled.png"},{"@type":"BreadcrumbList","@id":"https:\/\/afgholding-sa.com\/confirmation-dinscription-conference-afg-holding\/#breadcrumb","itemListElement":[{"@type":"ListItem","position":1,"name":"Home","item":"https:\/\/afgholding-sa.com\/"},{"@type":"ListItem","position":2,"name":"Confirmation d&rsquo;inscription Conf\u00e9rence AFG\u00a0Holding"}]},{"@type":"WebSite","@id":"https:\/\/afgholding-sa.com\/#website","url":"https:\/\/afgholding-sa.com\/","name":"AFG Holding","description":"... Et tout devient possible","publisher":{"@id":"https:\/\/afgholding-sa.com\/#organization"},"potentialAction":[{"@type":"SearchAction","target":{"@type":"EntryPoint","urlTemplate":"https:\/\/afgholding-sa.com\/?s={search_term_string}"},"query-input":{"@type":"PropertyValueSpecification","valueRequired":true,"valueName":"search_term_string"}}],"inLanguage":"en-GB"},{"@type":"Organization","@id":"https:\/\/afgholding-sa.com\/#organization","name":"AFG Holding","url":"https:\/\/afgholding-sa.com\/","logo":{"@type":"ImageObject","inLanguage":"en-GB","@id":"https:\/\/afgholding-sa.com\/#\/schema\/logo\/image\/","url":"https:\/\/afgholding-sa.com\/wp-content\/uploads\/2024\/06\/logo_holding-JPG-scaled.jpg","contentUrl":"https:\/\/afgholding-sa.com\/wp-content\/uploads\/2024\/06\/logo_holding-JPG-scaled.jpg","width":2560,"height":1082,"caption":"AFG Holding"},"image":{"@id":"https:\/\/afgholding-sa.com\/#\/schema\/logo\/image\/"},"sameAs":["https:\/\/web.facebook.com\/profile.php?id=100088071250994"]}]}},"_links":{"self":[{"href":"https:\/\/afgholding-sa.com\/en\/wp-json\/wp\/v2\/pages\/52456","targetHints":{"allow":["GET"]}}],"collection":[{"href":"https:\/\/afgholding-sa.com\/en\/wp-json\/wp\/v2\/pages"}],"about":[{"href":"https:\/\/afgholding-sa.com\/en\/wp-json\/wp\/v2\/types\/page"}],"author":[{"embeddable":true,"href":"https:\/\/afgholding-sa.com\/en\/wp-json\/wp\/v2\/users\/2"}],"replies":[{"embeddable":true,"href":"https:\/\/afgholding-sa.com\/en\/wp-json\/wp\/v2\/comments?post=52456"}],"version-history":[{"count":51,"href":"https:\/\/afgholding-sa.com\/en\/wp-json\/wp\/v2\/pages\/52456\/revisions"}],"predecessor-version":[{"id":55391,"href":"https:\/\/afgholding-sa.com\/en\/wp-json\/wp\/v2\/pages\/52456\/revisions\/55391"}],"wp:attachment":[{"href":"https:\/\/afgholding-sa.com\/en\/wp-json\/wp\/v2\/media?parent=52456"}],"curies":[{"name":"wp","href":"https:\/\/api.w.org\/{rel}","templated":true}]}}