{"id":620,"date":"2023-05-05T03:23:33","date_gmt":"2023-05-05T03:23:33","guid":{"rendered":"http:\/\/localhost\/afg\/?page_id=620"},"modified":"2026-03-11T15:47:22","modified_gmt":"2026-03-11T15:47:22","slug":"fondation","status":"publish","type":"page","link":"https:\/\/afgholding-sa.com\/en\/fondation\/","title":{"rendered":"Foundation"},"content":{"rendered":"<p>La Fondation Atlantic Group est une entit\u00e9 enti\u00e8rement orient\u00e9e vers le soutien des populations d\u00e9favoris\u00e9es et le service de l&rsquo;int\u00e9r\u00eat g\u00e9n\u00e9ral.<\/p>\n<p>Elle incarne l&rsquo;engagement solidaire et citoyen du Groupe Atlantique et de ses filiales. La Fondation a pour vocation de mener des projets visant \u00e0 am\u00e9liorer le bien-\u00eatre des enfants d\u00e9favoris\u00e9s et \u00e0 am\u00e9liorer les conditions de vie dans les zones rurales. Elle s&rsquo;engage \u00e0 offrir aux enfants d\u00e9favoris\u00e9s les meilleures chances de devenir des adultes \u00e9panouis et responsables. Elle apporte une aide globale aux jeunes enfants, aux orphelins, et aux enfants vuln\u00e9rables, traduisant ainsi les valeurs de solidarit\u00e9 de Atlantic Group.<\/p>\n<p class=\" false false text-[1.4rem] md:text-[1.6rem] leading-[2.4rem] md:leading-[2.6rem] false false false false false false false false false false false false text-black false false false false false font-[400] false false false false false undefined \">Nos efforts se concentrent sur des actions concr\u00e8tes et durables pour r\u00e9pondre aux besoins essentiels des populations. Voici les principaux axes de nos activit\u00e9s :<\/p>\n<ul class=\"list-disc pl-[1.2rem]\">\n<li>\n<p class=\" false false text-[1.4rem] md:text-[1.6rem] leading-[2.4rem] md:leading-[2.6rem] false false false false false false false false false false false false text-black false false false false false font-[400] false false false false false undefined \">Sant\u00e9 : en soutenant les associations partenaires dans divers projets d&rsquo;\u00e9quipement et de r\u00e9habilitation de centres de sant\u00e9.<\/p>\n<\/li>\n<li>\n<p class=\" false false text-[1.4rem] md:text-[1.6rem] leading-[2.4rem] md:leading-[2.6rem] false false false false false false false false false false false false text-black false false false false false font-[400] false false false false false undefined \">\u00c9ducation : en offrant une \u00e9ducation de qualit\u00e9 aux enfants pour leur permettre de devenir des acteurs de leur propre avenir.<\/p>\n<\/li>\n<li>\n<p class=\" false false text-[1.4rem] md:text-[1.6rem] leading-[2.4rem] md:leading-[2.6rem] false false false false false false false false false false false false text-black false false false false false font-[400] false false false false false undefined \">Solidarit\u00e9 et action culturelle : \u00eatre guid\u00e9s par des valeurs d&rsquo;\u00e9coute, de partage, de g\u00e9n\u00e9rosit\u00e9 et de don de soi dans toutes nos actions quotidiennes.<\/p>\n<\/li>\n<li>\n<p class=\" false false text-[1.4rem] md:text-[1.6rem] leading-[2.4rem] md:leading-[2.6rem] false false false false false false false false false false false false text-black false false false false false font-[400] false false false false false undefined \">Responsabilit\u00e9 soci\u00e9tale avec l\u2019Atlantic Day : Projet d&rsquo;engagement soci\u00e9tal impliquant l&rsquo;ensemble des collaborateurs de Atlantic Group.<\/p>\n<\/li>\n<\/ul>\n<p><\/p>","protected":false},"excerpt":{"rendered":"<p>La Fondation Atlantic Group est une entit\u00e9 enti\u00e8rement orient\u00e9e vers le soutien des populations d\u00e9favoris\u00e9es et le service de l&rsquo;int\u00e9r\u00eat g\u00e9n\u00e9ral. Elle incarne l&rsquo;engagement solidaire et citoyen du Groupe Atlantique et de ses filiales. La Fondation a pour vocation de mener des projets visant \u00e0 am\u00e9liorer le bien-\u00eatre des enfants d\u00e9favoris\u00e9s et \u00e0 am\u00e9liorer les [&hellip;]<\/p>\n","protected":false},"author":2,"featured_media":927,"parent":0,"menu_order":0,"comment_status":"closed","ping_status":"closed","template":"fondation.php","meta":{"_acf_changed":false,"footnotes":""},"class_list":["post-620","page","type-page","status-publish","has-post-thumbnail","hentry"],"acf":[],"yoast_head":"<!-- This site is optimized with the Yoast SEO plugin v27.4 - https:\/\/yoast.com\/product\/yoast-seo-wordpress\/ -->\n<title>Fondation -<\/title>\n<meta name=\"robots\" content=\"index, follow, max-snippet:-1, max-image-preview:large, max-video-preview:-1\" \/>\n<link rel=\"canonical\" href=\"https:\/\/afgholding-sa.com\/en\/fondation\/\" \/>\n<meta property=\"og:locale\" content=\"en_GB\" \/>\n<meta property=\"og:type\" content=\"article\" \/>\n<meta property=\"og:title\" content=\"[:fr]Fondation[:en]Foundation[:] -\" \/>\n<meta property=\"og:description\" content=\"La Fondation Atlantic Group est une entit\u00e9 enti\u00e8rement orient\u00e9e vers le soutien des populations d\u00e9favoris\u00e9es et le service de l&rsquo;int\u00e9r\u00eat g\u00e9n\u00e9ral. Elle incarne l&rsquo;engagement solidaire et citoyen du Groupe Atlantique et de ses filiales. La Fondation a pour vocation de mener des projets visant \u00e0 am\u00e9liorer le bien-\u00eatre des enfants d\u00e9favoris\u00e9s et \u00e0 am\u00e9liorer les [&hellip;]\" \/>\n<meta property=\"og:url\" content=\"https:\/\/afgholding-sa.com\/en\/fondation\/\" \/>\n<meta property=\"og:site_name\" content=\"AFG Holding\" \/>\n<meta property=\"article:publisher\" content=\"https:\/\/web.facebook.com\/profile.php?id=100088071250994\" \/>\n<meta property=\"article:modified_time\" content=\"2026-03-11T15:47:22+00:00\" \/>\n<meta property=\"og:image\" content=\"https:\/\/afgholding-sa.com\/wp-content\/uploads\/2023\/05\/fondation-1.jpg\" \/>\n\t<meta property=\"og:image:width\" content=\"799\" \/>\n\t<meta property=\"og:image:height\" content=\"898\" \/>\n\t<meta property=\"og:image:type\" content=\"image\/jpeg\" \/>\n<meta name=\"twitter:card\" content=\"summary_large_image\" \/>\n<meta name=\"twitter:label1\" content=\"Estimated reading time\" \/>\n\t<meta name=\"twitter:data1\" content=\"2 minutes\" \/>\n<script type=\"application\/ld+json\" class=\"yoast-schema-graph\">{\"@context\":\"https:\\\/\\\/schema.org\",\"@graph\":[{\"@type\":\"WebPage\",\"@id\":\"https:\\\/\\\/afgholding-sa.com\\\/fondation\\\/\",\"url\":\"https:\\\/\\\/afgholding-sa.com\\\/fondation\\\/\",\"name\":\"[:fr]Fondation[:en]Foundation[:] -\",\"isPartOf\":{\"@id\":\"https:\\\/\\\/afgholding-sa.com\\\/#website\"},\"primaryImageOfPage\":{\"@id\":\"https:\\\/\\\/afgholding-sa.com\\\/fondation\\\/#primaryimage\"},\"image\":{\"@id\":\"https:\\\/\\\/afgholding-sa.com\\\/fondation\\\/#primaryimage\"},\"thumbnailUrl\":\"https:\\\/\\\/afgholding-sa.com\\\/wp-content\\\/uploads\\\/2023\\\/05\\\/fondation-1.jpg\",\"datePublished\":\"2023-05-05T03:23:33+00:00\",\"dateModified\":\"2026-03-11T15:47:22+00:00\",\"breadcrumb\":{\"@id\":\"https:\\\/\\\/afgholding-sa.com\\\/fondation\\\/#breadcrumb\"},\"inLanguage\":\"en-GB\",\"potentialAction\":[{\"@type\":\"ReadAction\",\"target\":[\"https:\\\/\\\/afgholding-sa.com\\\/fondation\\\/\"]}]},{\"@type\":\"ImageObject\",\"inLanguage\":\"en-GB\",\"@id\":\"https:\\\/\\\/afgholding-sa.com\\\/fondation\\\/#primaryimage\",\"url\":\"https:\\\/\\\/afgholding-sa.com\\\/wp-content\\\/uploads\\\/2023\\\/05\\\/fondation-1.jpg\",\"contentUrl\":\"https:\\\/\\\/afgholding-sa.com\\\/wp-content\\\/uploads\\\/2023\\\/05\\\/fondation-1.jpg\",\"width\":799,\"height\":898},{\"@type\":\"BreadcrumbList\",\"@id\":\"https:\\\/\\\/afgholding-sa.com\\\/fondation\\\/#breadcrumb\",\"itemListElement\":[{\"@type\":\"ListItem\",\"position\":1,\"name\":\"Home\",\"item\":\"https:\\\/\\\/afgholding-sa.com\\\/\"},{\"@type\":\"ListItem\",\"position\":2,\"name\":\"Fondation\"}]},{\"@type\":\"WebSite\",\"@id\":\"https:\\\/\\\/afgholding-sa.com\\\/#website\",\"url\":\"https:\\\/\\\/afgholding-sa.com\\\/\",\"name\":\"AFG Holding\",\"description\":\"... Et tout devient possible\",\"publisher\":{\"@id\":\"https:\\\/\\\/afgholding-sa.com\\\/#organization\"},\"potentialAction\":[{\"@type\":\"SearchAction\",\"target\":{\"@type\":\"EntryPoint\",\"urlTemplate\":\"https:\\\/\\\/afgholding-sa.com\\\/?s={search_term_string}\"},\"query-input\":{\"@type\":\"PropertyValueSpecification\",\"valueRequired\":true,\"valueName\":\"search_term_string\"}}],\"inLanguage\":\"en-GB\"},{\"@type\":\"Organization\",\"@id\":\"https:\\\/\\\/afgholding-sa.com\\\/#organization\",\"name\":\"AFG Holding\",\"url\":\"https:\\\/\\\/afgholding-sa.com\\\/\",\"logo\":{\"@type\":\"ImageObject\",\"inLanguage\":\"en-GB\",\"@id\":\"https:\\\/\\\/afgholding-sa.com\\\/#\\\/schema\\\/logo\\\/image\\\/\",\"url\":\"https:\\\/\\\/afgholding-sa.com\\\/wp-content\\\/uploads\\\/2024\\\/06\\\/logo_holding-JPG-scaled.jpg\",\"contentUrl\":\"https:\\\/\\\/afgholding-sa.com\\\/wp-content\\\/uploads\\\/2024\\\/06\\\/logo_holding-JPG-scaled.jpg\",\"width\":2560,\"height\":1082,\"caption\":\"AFG Holding\"},\"image\":{\"@id\":\"https:\\\/\\\/afgholding-sa.com\\\/#\\\/schema\\\/logo\\\/image\\\/\"},\"sameAs\":[\"https:\\\/\\\/web.facebook.com\\\/profile.php?id=100088071250994\"]}]}<\/script>\n<!-- \/ Yoast SEO plugin. -->","yoast_head_json":{"title":"[:fr]Fondation[:en]Foundation[:] -","robots":{"index":"index","follow":"follow","max-snippet":"max-snippet:-1","max-image-preview":"max-image-preview:large","max-video-preview":"max-video-preview:-1"},"canonical":"https:\/\/afgholding-sa.com\/en\/fondation\/","og_locale":"en_GB","og_type":"article","og_title":"[:fr]Fondation[:en]Foundation[:] -","og_description":"La Fondation Atlantic Group est une entit\u00e9 enti\u00e8rement orient\u00e9e vers le soutien des populations d\u00e9favoris\u00e9es et le service de l&rsquo;int\u00e9r\u00eat g\u00e9n\u00e9ral. Elle incarne l&rsquo;engagement solidaire et citoyen du Groupe Atlantique et de ses filiales. La Fondation a pour vocation de mener des projets visant \u00e0 am\u00e9liorer le bien-\u00eatre des enfants d\u00e9favoris\u00e9s et \u00e0 am\u00e9liorer les [&hellip;]","og_url":"https:\/\/afgholding-sa.com\/en\/fondation\/","og_site_name":"AFG Holding","article_publisher":"https:\/\/web.facebook.com\/profile.php?id=100088071250994","article_modified_time":"2026-03-11T15:47:22+00:00","og_image":[{"width":799,"height":898,"url":"https:\/\/afgholding-sa.com\/wp-content\/uploads\/2023\/05\/fondation-1.jpg","type":"image\/jpeg"}],"twitter_card":"summary_large_image","twitter_misc":{"Estimated reading time":"2 minutes"},"schema":{"@context":"https:\/\/schema.org","@graph":[{"@type":"WebPage","@id":"https:\/\/afgholding-sa.com\/fondation\/","url":"https:\/\/afgholding-sa.com\/fondation\/","name":"[:fr]Fondation[:en]Foundation[:] -","isPartOf":{"@id":"https:\/\/afgholding-sa.com\/#website"},"primaryImageOfPage":{"@id":"https:\/\/afgholding-sa.com\/fondation\/#primaryimage"},"image":{"@id":"https:\/\/afgholding-sa.com\/fondation\/#primaryimage"},"thumbnailUrl":"https:\/\/afgholding-sa.com\/wp-content\/uploads\/2023\/05\/fondation-1.jpg","datePublished":"2023-05-05T03:23:33+00:00","dateModified":"2026-03-11T15:47:22+00:00","breadcrumb":{"@id":"https:\/\/afgholding-sa.com\/fondation\/#breadcrumb"},"inLanguage":"en-GB","potentialAction":[{"@type":"ReadAction","target":["https:\/\/afgholding-sa.com\/fondation\/"]}]},{"@type":"ImageObject","inLanguage":"en-GB","@id":"https:\/\/afgholding-sa.com\/fondation\/#primaryimage","url":"https:\/\/afgholding-sa.com\/wp-content\/uploads\/2023\/05\/fondation-1.jpg","contentUrl":"https:\/\/afgholding-sa.com\/wp-content\/uploads\/2023\/05\/fondation-1.jpg","width":799,"height":898},{"@type":"BreadcrumbList","@id":"https:\/\/afgholding-sa.com\/fondation\/#breadcrumb","itemListElement":[{"@type":"ListItem","position":1,"name":"Home","item":"https:\/\/afgholding-sa.com\/"},{"@type":"ListItem","position":2,"name":"Fondation"}]},{"@type":"WebSite","@id":"https:\/\/afgholding-sa.com\/#website","url":"https:\/\/afgholding-sa.com\/","name":"AFG Holding","description":"... Et tout devient possible","publisher":{"@id":"https:\/\/afgholding-sa.com\/#organization"},"potentialAction":[{"@type":"SearchAction","target":{"@type":"EntryPoint","urlTemplate":"https:\/\/afgholding-sa.com\/?s={search_term_string}"},"query-input":{"@type":"PropertyValueSpecification","valueRequired":true,"valueName":"search_term_string"}}],"inLanguage":"en-GB"},{"@type":"Organization","@id":"https:\/\/afgholding-sa.com\/#organization","name":"AFG Holding","url":"https:\/\/afgholding-sa.com\/","logo":{"@type":"ImageObject","inLanguage":"en-GB","@id":"https:\/\/afgholding-sa.com\/#\/schema\/logo\/image\/","url":"https:\/\/afgholding-sa.com\/wp-content\/uploads\/2024\/06\/logo_holding-JPG-scaled.jpg","contentUrl":"https:\/\/afgholding-sa.com\/wp-content\/uploads\/2024\/06\/logo_holding-JPG-scaled.jpg","width":2560,"height":1082,"caption":"AFG Holding"},"image":{"@id":"https:\/\/afgholding-sa.com\/#\/schema\/logo\/image\/"},"sameAs":["https:\/\/web.facebook.com\/profile.php?id=100088071250994"]}]}},"_links":{"self":[{"href":"https:\/\/afgholding-sa.com\/en\/wp-json\/wp\/v2\/pages\/620","targetHints":{"allow":["GET"]}}],"collection":[{"href":"https:\/\/afgholding-sa.com\/en\/wp-json\/wp\/v2\/pages"}],"about":[{"href":"https:\/\/afgholding-sa.com\/en\/wp-json\/wp\/v2\/types\/page"}],"author":[{"embeddable":true,"href":"https:\/\/afgholding-sa.com\/en\/wp-json\/wp\/v2\/users\/2"}],"replies":[{"embeddable":true,"href":"https:\/\/afgholding-sa.com\/en\/wp-json\/wp\/v2\/comments?post=620"}],"version-history":[{"count":19,"href":"https:\/\/afgholding-sa.com\/en\/wp-json\/wp\/v2\/pages\/620\/revisions"}],"predecessor-version":[{"id":62762,"href":"https:\/\/afgholding-sa.com\/en\/wp-json\/wp\/v2\/pages\/620\/revisions\/62762"}],"wp:featuredmedia":[{"embeddable":true,"href":"https:\/\/afgholding-sa.com\/en\/wp-json\/wp\/v2\/media\/927"}],"wp:attachment":[{"href":"https:\/\/afgholding-sa.com\/en\/wp-json\/wp\/v2\/media?parent=620"}],"curies":[{"name":"wp","href":"https:\/\/api.w.org\/{rel}","templated":true}]}}