{"id":66,"date":"2023-02-26T19:23:27","date_gmt":"2023-02-26T19:23:27","guid":{"rendered":"http:\/\/localhost\/afg\/?page_id=66"},"modified":"2025-12-01T08:45:15","modified_gmt":"2025-12-01T08:45:15","slug":"presentation-afg-holding","status":"publish","type":"page","link":"https:\/\/afgholding-sa.com\/en\/presentation-afg-holding\/","title":{"rendered":"Presentation AFG Holding"},"content":{"rendered":"<p><\/p>\n<p style=\"text-align: justify;\">Founded in 2006 by Ivorian businessman KONE DOSSONGUI, Atlantic Financial Group (AFG Holding) is the financial arm of the pan-African ATLANTIC GROUP, which is also active in agriculture (rubber, oil palm and citrus plantations), agro-industry (cocoa processing), industry (cement and flour mills), hotels and telecommunications.<\/p>\n<p><\/p>","protected":false},"excerpt":{"rendered":"<p>Founded in 2006 by Ivorian businessman KONE DOSSONGUI, Atlantic Financial Group (AFG Holding) is the financial arm of the pan-African ATLANTIC GROUP, which is also active in agriculture (rubber, oil palm and citrus plantations), agro-industry (cocoa processing), industry (cement and flour mills), hotels and telecommunications.<\/p>","protected":false},"author":2,"featured_media":2836,"parent":0,"menu_order":0,"comment_status":"closed","ping_status":"closed","template":"about.php","meta":{"_acf_changed":false,"footnotes":""},"class_list":["post-66","page","type-page","status-publish","has-post-thumbnail","hentry"],"acf":[],"yoast_head":"<!-- This site is optimized with the Yoast SEO plugin v27.6 - https:\/\/yoast.com\/product\/yoast-seo-wordpress\/ -->\n<title>Pr\u00e9sentation AFG Holding -<\/title>\n<meta name=\"robots\" content=\"index, follow, max-snippet:-1, max-image-preview:large, max-video-preview:-1\" \/>\n<link rel=\"canonical\" href=\"https:\/\/afgholding-sa.com\/en\/presentation-afg-holding\/\" \/>\n<meta property=\"og:locale\" content=\"en_GB\" \/>\n<meta property=\"og:type\" content=\"article\" \/>\n<meta property=\"og:title\" content=\"[:fr]Pr\u00e9sentation AFG Holding[:en]Presentation of AFG Holding[:] -\" \/>\n<meta property=\"og:description\" content=\"Fond\u00e9 en 2006 par l\u2019homme d\u2019affaires ivoirien, KONE DOSSONGUI, Atlantic Financial Group (AFG Holding) est le p\u00f4le financier du groupe panafricain ATLANTIC GROUP qui, outre ce secteur d\u2019activit\u00e9, op\u00e8re dans les secteurs de l\u2019agriculture (plantations d\u2019h\u00e9v\u00e9a, de palmiers \u00e0 huile, d\u2019agrumes etc.), l\u2019agro-industrie (transformation de cacao), l\u2019industrie (cimenterie et minoterie), l\u2019h\u00f4tellerie et les t\u00e9l\u00e9communications.\" \/>\n<meta property=\"og:url\" content=\"https:\/\/afgholding-sa.com\/en\/presentation-afg-holding\/\" \/>\n<meta property=\"og:site_name\" content=\"AFG Holding\" \/>\n<meta property=\"article:publisher\" content=\"https:\/\/web.facebook.com\/profile.php?id=100088071250994\" \/>\n<meta property=\"article:modified_time\" content=\"2025-12-01T08:45:15+00:00\" \/>\n<meta property=\"og:image\" content=\"https:\/\/afgholding-sa.com\/wp-content\/uploads\/2023\/08\/Image12.png\" \/>\n\t<meta property=\"og:image:width\" content=\"411\" \/>\n\t<meta property=\"og:image:height\" content=\"351\" \/>\n\t<meta property=\"og:image:type\" content=\"image\/png\" \/>\n<meta name=\"twitter:card\" content=\"summary_large_image\" \/>\n<meta name=\"twitter:label1\" content=\"Estimated reading time\" \/>\n\t<meta name=\"twitter:data1\" content=\"1 minute\" \/>\n<script type=\"application\/ld+json\" class=\"yoast-schema-graph\">{\"@context\":\"https:\\\/\\\/schema.org\",\"@graph\":[{\"@type\":\"WebPage\",\"@id\":\"https:\\\/\\\/afgholding-sa.com\\\/presentation-afg-holding\\\/\",\"url\":\"https:\\\/\\\/afgholding-sa.com\\\/presentation-afg-holding\\\/\",\"name\":\"[:fr]Pr\u00e9sentation AFG Holding[:en]Presentation of AFG Holding[:] -\",\"isPartOf\":{\"@id\":\"https:\\\/\\\/afgholding-sa.com\\\/#website\"},\"primaryImageOfPage\":{\"@id\":\"https:\\\/\\\/afgholding-sa.com\\\/presentation-afg-holding\\\/#primaryimage\"},\"image\":{\"@id\":\"https:\\\/\\\/afgholding-sa.com\\\/presentation-afg-holding\\\/#primaryimage\"},\"thumbnailUrl\":\"https:\\\/\\\/afgholding-sa.com\\\/wp-content\\\/uploads\\\/2023\\\/08\\\/Image12.png\",\"datePublished\":\"2023-02-26T19:23:27+00:00\",\"dateModified\":\"2025-12-01T08:45:15+00:00\",\"breadcrumb\":{\"@id\":\"https:\\\/\\\/afgholding-sa.com\\\/presentation-afg-holding\\\/#breadcrumb\"},\"inLanguage\":\"en-GB\",\"potentialAction\":[{\"@type\":\"ReadAction\",\"target\":[\"https:\\\/\\\/afgholding-sa.com\\\/presentation-afg-holding\\\/\"]}]},{\"@type\":\"ImageObject\",\"inLanguage\":\"en-GB\",\"@id\":\"https:\\\/\\\/afgholding-sa.com\\\/presentation-afg-holding\\\/#primaryimage\",\"url\":\"https:\\\/\\\/afgholding-sa.com\\\/wp-content\\\/uploads\\\/2023\\\/08\\\/Image12.png\",\"contentUrl\":\"https:\\\/\\\/afgholding-sa.com\\\/wp-content\\\/uploads\\\/2023\\\/08\\\/Image12.png\",\"width\":411,\"height\":351},{\"@type\":\"BreadcrumbList\",\"@id\":\"https:\\\/\\\/afgholding-sa.com\\\/presentation-afg-holding\\\/#breadcrumb\",\"itemListElement\":[{\"@type\":\"ListItem\",\"position\":1,\"name\":\"Home\",\"item\":\"https:\\\/\\\/afgholding-sa.com\\\/\"},{\"@type\":\"ListItem\",\"position\":2,\"name\":\"Pr\u00e9sentation AFG Holding\"}]},{\"@type\":\"WebSite\",\"@id\":\"https:\\\/\\\/afgholding-sa.com\\\/#website\",\"url\":\"https:\\\/\\\/afgholding-sa.com\\\/\",\"name\":\"AFG Holding\",\"description\":\"... Et tout devient possible\",\"publisher\":{\"@id\":\"https:\\\/\\\/afgholding-sa.com\\\/#organization\"},\"potentialAction\":[{\"@type\":\"SearchAction\",\"target\":{\"@type\":\"EntryPoint\",\"urlTemplate\":\"https:\\\/\\\/afgholding-sa.com\\\/?s={search_term_string}\"},\"query-input\":{\"@type\":\"PropertyValueSpecification\",\"valueRequired\":true,\"valueName\":\"search_term_string\"}}],\"inLanguage\":\"en-GB\"},{\"@type\":\"Organization\",\"@id\":\"https:\\\/\\\/afgholding-sa.com\\\/#organization\",\"name\":\"AFG Holding\",\"url\":\"https:\\\/\\\/afgholding-sa.com\\\/\",\"logo\":{\"@type\":\"ImageObject\",\"inLanguage\":\"en-GB\",\"@id\":\"https:\\\/\\\/afgholding-sa.com\\\/#\\\/schema\\\/logo\\\/image\\\/\",\"url\":\"https:\\\/\\\/afgholding-sa.com\\\/wp-content\\\/uploads\\\/2024\\\/06\\\/logo_holding-JPG-scaled.jpg\",\"contentUrl\":\"https:\\\/\\\/afgholding-sa.com\\\/wp-content\\\/uploads\\\/2024\\\/06\\\/logo_holding-JPG-scaled.jpg\",\"width\":2560,\"height\":1082,\"caption\":\"AFG Holding\"},\"image\":{\"@id\":\"https:\\\/\\\/afgholding-sa.com\\\/#\\\/schema\\\/logo\\\/image\\\/\"},\"sameAs\":[\"https:\\\/\\\/web.facebook.com\\\/profile.php?id=100088071250994\"]}]}<\/script>\n<!-- \/ Yoast SEO plugin. -->","yoast_head_json":{"title":"[:fr]Pr\u00e9sentation AFG Holding[:en]Presentation of AFG Holding[:] -","robots":{"index":"index","follow":"follow","max-snippet":"max-snippet:-1","max-image-preview":"max-image-preview:large","max-video-preview":"max-video-preview:-1"},"canonical":"https:\/\/afgholding-sa.com\/en\/presentation-afg-holding\/","og_locale":"en_GB","og_type":"article","og_title":"[:fr]Pr\u00e9sentation AFG Holding[:en]Presentation of AFG Holding[:] -","og_description":"Fond\u00e9 en 2006 par l\u2019homme d\u2019affaires ivoirien, KONE DOSSONGUI, Atlantic Financial Group (AFG Holding) est le p\u00f4le financier du groupe panafricain ATLANTIC GROUP qui, outre ce secteur d\u2019activit\u00e9, op\u00e8re dans les secteurs de l\u2019agriculture (plantations d\u2019h\u00e9v\u00e9a, de palmiers \u00e0 huile, d\u2019agrumes etc.), l\u2019agro-industrie (transformation de cacao), l\u2019industrie (cimenterie et minoterie), l\u2019h\u00f4tellerie et les t\u00e9l\u00e9communications.","og_url":"https:\/\/afgholding-sa.com\/en\/presentation-afg-holding\/","og_site_name":"AFG Holding","article_publisher":"https:\/\/web.facebook.com\/profile.php?id=100088071250994","article_modified_time":"2025-12-01T08:45:15+00:00","og_image":[{"width":411,"height":351,"url":"https:\/\/afgholding-sa.com\/wp-content\/uploads\/2023\/08\/Image12.png","type":"image\/png"}],"twitter_card":"summary_large_image","twitter_misc":{"Estimated reading time":"1 minute"},"schema":{"@context":"https:\/\/schema.org","@graph":[{"@type":"WebPage","@id":"https:\/\/afgholding-sa.com\/presentation-afg-holding\/","url":"https:\/\/afgholding-sa.com\/presentation-afg-holding\/","name":"[:fr]Pr\u00e9sentation AFG Holding[:en]Presentation of AFG Holding[:] -","isPartOf":{"@id":"https:\/\/afgholding-sa.com\/#website"},"primaryImageOfPage":{"@id":"https:\/\/afgholding-sa.com\/presentation-afg-holding\/#primaryimage"},"image":{"@id":"https:\/\/afgholding-sa.com\/presentation-afg-holding\/#primaryimage"},"thumbnailUrl":"https:\/\/afgholding-sa.com\/wp-content\/uploads\/2023\/08\/Image12.png","datePublished":"2023-02-26T19:23:27+00:00","dateModified":"2025-12-01T08:45:15+00:00","breadcrumb":{"@id":"https:\/\/afgholding-sa.com\/presentation-afg-holding\/#breadcrumb"},"inLanguage":"en-GB","potentialAction":[{"@type":"ReadAction","target":["https:\/\/afgholding-sa.com\/presentation-afg-holding\/"]}]},{"@type":"ImageObject","inLanguage":"en-GB","@id":"https:\/\/afgholding-sa.com\/presentation-afg-holding\/#primaryimage","url":"https:\/\/afgholding-sa.com\/wp-content\/uploads\/2023\/08\/Image12.png","contentUrl":"https:\/\/afgholding-sa.com\/wp-content\/uploads\/2023\/08\/Image12.png","width":411,"height":351},{"@type":"BreadcrumbList","@id":"https:\/\/afgholding-sa.com\/presentation-afg-holding\/#breadcrumb","itemListElement":[{"@type":"ListItem","position":1,"name":"Home","item":"https:\/\/afgholding-sa.com\/"},{"@type":"ListItem","position":2,"name":"Pr\u00e9sentation AFG Holding"}]},{"@type":"WebSite","@id":"https:\/\/afgholding-sa.com\/#website","url":"https:\/\/afgholding-sa.com\/","name":"AFG Holding","description":"... Et tout devient possible","publisher":{"@id":"https:\/\/afgholding-sa.com\/#organization"},"potentialAction":[{"@type":"SearchAction","target":{"@type":"EntryPoint","urlTemplate":"https:\/\/afgholding-sa.com\/?s={search_term_string}"},"query-input":{"@type":"PropertyValueSpecification","valueRequired":true,"valueName":"search_term_string"}}],"inLanguage":"en-GB"},{"@type":"Organization","@id":"https:\/\/afgholding-sa.com\/#organization","name":"AFG Holding","url":"https:\/\/afgholding-sa.com\/","logo":{"@type":"ImageObject","inLanguage":"en-GB","@id":"https:\/\/afgholding-sa.com\/#\/schema\/logo\/image\/","url":"https:\/\/afgholding-sa.com\/wp-content\/uploads\/2024\/06\/logo_holding-JPG-scaled.jpg","contentUrl":"https:\/\/afgholding-sa.com\/wp-content\/uploads\/2024\/06\/logo_holding-JPG-scaled.jpg","width":2560,"height":1082,"caption":"AFG Holding"},"image":{"@id":"https:\/\/afgholding-sa.com\/#\/schema\/logo\/image\/"},"sameAs":["https:\/\/web.facebook.com\/profile.php?id=100088071250994"]}]}},"_links":{"self":[{"href":"https:\/\/afgholding-sa.com\/en\/wp-json\/wp\/v2\/pages\/66","targetHints":{"allow":["GET"]}}],"collection":[{"href":"https:\/\/afgholding-sa.com\/en\/wp-json\/wp\/v2\/pages"}],"about":[{"href":"https:\/\/afgholding-sa.com\/en\/wp-json\/wp\/v2\/types\/page"}],"author":[{"embeddable":true,"href":"https:\/\/afgholding-sa.com\/en\/wp-json\/wp\/v2\/users\/2"}],"replies":[{"embeddable":true,"href":"https:\/\/afgholding-sa.com\/en\/wp-json\/wp\/v2\/comments?post=66"}],"version-history":[{"count":59,"href":"https:\/\/afgholding-sa.com\/en\/wp-json\/wp\/v2\/pages\/66\/revisions"}],"predecessor-version":[{"id":59429,"href":"https:\/\/afgholding-sa.com\/en\/wp-json\/wp\/v2\/pages\/66\/revisions\/59429"}],"wp:featuredmedia":[{"embeddable":true,"href":"https:\/\/afgholding-sa.com\/en\/wp-json\/wp\/v2\/media\/2836"}],"wp:attachment":[{"href":"https:\/\/afgholding-sa.com\/en\/wp-json\/wp\/v2\/media?parent=66"}],"curies":[{"name":"wp","href":"https:\/\/api.w.org\/{rel}","templated":true}]}}