{"id":69,"date":"2023-02-26T19:34:57","date_gmt":"2023-02-26T19:34:57","guid":{"rendered":"http:\/\/localhost\/afg\/?page_id=69"},"modified":"2023-02-26T19:34:57","modified_gmt":"2023-02-26T19:34:57","slug":"comites-specialises","status":"publish","type":"page","link":"https:\/\/afgholding-sa.com\/en\/comites-specialises\/","title":{"rendered":"Comit\u00e9s sp\u00e9cialis\u00e9s"},"content":{"rendered":"","protected":false},"excerpt":{"rendered":"","protected":false},"author":2,"featured_media":0,"parent":0,"menu_order":0,"comment_status":"closed","ping_status":"closed","template":"","meta":{"_acf_changed":false,"footnotes":""},"class_list":["post-69","page","type-page","status-publish","hentry"],"acf":[],"yoast_head":"<!-- This site is optimized with the Yoast SEO plugin v27.5 - https:\/\/yoast.com\/product\/yoast-seo-wordpress\/ -->\n<title>Comit\u00e9s sp\u00e9cialis\u00e9s  -<\/title>\n<meta name=\"robots\" content=\"index, follow, max-snippet:-1, max-image-preview:large, max-video-preview:-1\" \/>\n<link rel=\"canonical\" href=\"https:\/\/afgholding-sa.com\/en\/comites-specialises\/\" \/>\n<meta property=\"og:locale\" content=\"en_GB\" \/>\n<meta property=\"og:type\" content=\"article\" \/>\n<meta property=\"og:title\" content=\"[:fr]Comit\u00e9s sp\u00e9cialis\u00e9s [:] -\" \/>\n<meta property=\"og:url\" content=\"https:\/\/afgholding-sa.com\/en\/comites-specialises\/\" \/>\n<meta property=\"og:site_name\" content=\"AFG Holding\" \/>\n<meta property=\"article:publisher\" content=\"https:\/\/web.facebook.com\/profile.php?id=100088071250994\" \/>\n<meta name=\"twitter:card\" content=\"summary_large_image\" \/>\n<script type=\"application\/ld+json\" class=\"yoast-schema-graph\">{\"@context\":\"https:\\\/\\\/schema.org\",\"@graph\":[{\"@type\":\"WebPage\",\"@id\":\"https:\\\/\\\/afgholding-sa.com\\\/comites-specialises\\\/\",\"url\":\"https:\\\/\\\/afgholding-sa.com\\\/comites-specialises\\\/\",\"name\":\"[:fr]Comit\u00e9s sp\u00e9cialis\u00e9s [:] -\",\"isPartOf\":{\"@id\":\"https:\\\/\\\/afgholding-sa.com\\\/#website\"},\"datePublished\":\"2023-02-26T19:34:57+00:00\",\"breadcrumb\":{\"@id\":\"https:\\\/\\\/afgholding-sa.com\\\/comites-specialises\\\/#breadcrumb\"},\"inLanguage\":\"en-GB\",\"potentialAction\":[{\"@type\":\"ReadAction\",\"target\":[\"https:\\\/\\\/afgholding-sa.com\\\/comites-specialises\\\/\"]}]},{\"@type\":\"BreadcrumbList\",\"@id\":\"https:\\\/\\\/afgholding-sa.com\\\/comites-specialises\\\/#breadcrumb\",\"itemListElement\":[{\"@type\":\"ListItem\",\"position\":1,\"name\":\"Home\",\"item\":\"https:\\\/\\\/afgholding-sa.com\\\/\"},{\"@type\":\"ListItem\",\"position\":2,\"name\":\"Comit\u00e9s sp\u00e9cialis\u00e9s\"}]},{\"@type\":\"WebSite\",\"@id\":\"https:\\\/\\\/afgholding-sa.com\\\/#website\",\"url\":\"https:\\\/\\\/afgholding-sa.com\\\/\",\"name\":\"AFG Holding\",\"description\":\"... Et tout devient possible\",\"publisher\":{\"@id\":\"https:\\\/\\\/afgholding-sa.com\\\/#organization\"},\"potentialAction\":[{\"@type\":\"SearchAction\",\"target\":{\"@type\":\"EntryPoint\",\"urlTemplate\":\"https:\\\/\\\/afgholding-sa.com\\\/?s={search_term_string}\"},\"query-input\":{\"@type\":\"PropertyValueSpecification\",\"valueRequired\":true,\"valueName\":\"search_term_string\"}}],\"inLanguage\":\"en-GB\"},{\"@type\":\"Organization\",\"@id\":\"https:\\\/\\\/afgholding-sa.com\\\/#organization\",\"name\":\"AFG Holding\",\"url\":\"https:\\\/\\\/afgholding-sa.com\\\/\",\"logo\":{\"@type\":\"ImageObject\",\"inLanguage\":\"en-GB\",\"@id\":\"https:\\\/\\\/afgholding-sa.com\\\/#\\\/schema\\\/logo\\\/image\\\/\",\"url\":\"https:\\\/\\\/afgholding-sa.com\\\/wp-content\\\/uploads\\\/2024\\\/06\\\/logo_holding-JPG-scaled.jpg\",\"contentUrl\":\"https:\\\/\\\/afgholding-sa.com\\\/wp-content\\\/uploads\\\/2024\\\/06\\\/logo_holding-JPG-scaled.jpg\",\"width\":2560,\"height\":1082,\"caption\":\"AFG Holding\"},\"image\":{\"@id\":\"https:\\\/\\\/afgholding-sa.com\\\/#\\\/schema\\\/logo\\\/image\\\/\"},\"sameAs\":[\"https:\\\/\\\/web.facebook.com\\\/profile.php?id=100088071250994\"]}]}<\/script>\n<!-- \/ Yoast SEO plugin. -->","yoast_head_json":{"title":"[:fr]Comit\u00e9s sp\u00e9cialis\u00e9s [:] -","robots":{"index":"index","follow":"follow","max-snippet":"max-snippet:-1","max-image-preview":"max-image-preview:large","max-video-preview":"max-video-preview:-1"},"canonical":"https:\/\/afgholding-sa.com\/en\/comites-specialises\/","og_locale":"en_GB","og_type":"article","og_title":"[:fr]Comit\u00e9s sp\u00e9cialis\u00e9s [:] -","og_url":"https:\/\/afgholding-sa.com\/en\/comites-specialises\/","og_site_name":"AFG Holding","article_publisher":"https:\/\/web.facebook.com\/profile.php?id=100088071250994","twitter_card":"summary_large_image","schema":{"@context":"https:\/\/schema.org","@graph":[{"@type":"WebPage","@id":"https:\/\/afgholding-sa.com\/comites-specialises\/","url":"https:\/\/afgholding-sa.com\/comites-specialises\/","name":"[:fr]Comit\u00e9s sp\u00e9cialis\u00e9s [:] -","isPartOf":{"@id":"https:\/\/afgholding-sa.com\/#website"},"datePublished":"2023-02-26T19:34:57+00:00","breadcrumb":{"@id":"https:\/\/afgholding-sa.com\/comites-specialises\/#breadcrumb"},"inLanguage":"en-GB","potentialAction":[{"@type":"ReadAction","target":["https:\/\/afgholding-sa.com\/comites-specialises\/"]}]},{"@type":"BreadcrumbList","@id":"https:\/\/afgholding-sa.com\/comites-specialises\/#breadcrumb","itemListElement":[{"@type":"ListItem","position":1,"name":"Home","item":"https:\/\/afgholding-sa.com\/"},{"@type":"ListItem","position":2,"name":"Comit\u00e9s sp\u00e9cialis\u00e9s"}]},{"@type":"WebSite","@id":"https:\/\/afgholding-sa.com\/#website","url":"https:\/\/afgholding-sa.com\/","name":"AFG Holding","description":"... Et tout devient possible","publisher":{"@id":"https:\/\/afgholding-sa.com\/#organization"},"potentialAction":[{"@type":"SearchAction","target":{"@type":"EntryPoint","urlTemplate":"https:\/\/afgholding-sa.com\/?s={search_term_string}"},"query-input":{"@type":"PropertyValueSpecification","valueRequired":true,"valueName":"search_term_string"}}],"inLanguage":"en-GB"},{"@type":"Organization","@id":"https:\/\/afgholding-sa.com\/#organization","name":"AFG Holding","url":"https:\/\/afgholding-sa.com\/","logo":{"@type":"ImageObject","inLanguage":"en-GB","@id":"https:\/\/afgholding-sa.com\/#\/schema\/logo\/image\/","url":"https:\/\/afgholding-sa.com\/wp-content\/uploads\/2024\/06\/logo_holding-JPG-scaled.jpg","contentUrl":"https:\/\/afgholding-sa.com\/wp-content\/uploads\/2024\/06\/logo_holding-JPG-scaled.jpg","width":2560,"height":1082,"caption":"AFG Holding"},"image":{"@id":"https:\/\/afgholding-sa.com\/#\/schema\/logo\/image\/"},"sameAs":["https:\/\/web.facebook.com\/profile.php?id=100088071250994"]}]}},"_links":{"self":[{"href":"https:\/\/afgholding-sa.com\/en\/wp-json\/wp\/v2\/pages\/69","targetHints":{"allow":["GET"]}}],"collection":[{"href":"https:\/\/afgholding-sa.com\/en\/wp-json\/wp\/v2\/pages"}],"about":[{"href":"https:\/\/afgholding-sa.com\/en\/wp-json\/wp\/v2\/types\/page"}],"author":[{"embeddable":true,"href":"https:\/\/afgholding-sa.com\/en\/wp-json\/wp\/v2\/users\/2"}],"replies":[{"embeddable":true,"href":"https:\/\/afgholding-sa.com\/en\/wp-json\/wp\/v2\/comments?post=69"}],"version-history":[{"count":1,"href":"https:\/\/afgholding-sa.com\/en\/wp-json\/wp\/v2\/pages\/69\/revisions"}],"predecessor-version":[{"id":70,"href":"https:\/\/afgholding-sa.com\/en\/wp-json\/wp\/v2\/pages\/69\/revisions\/70"}],"wp:attachment":[{"href":"https:\/\/afgholding-sa.com\/en\/wp-json\/wp\/v2\/media?parent=69"}],"curies":[{"name":"wp","href":"https:\/\/api.w.org\/{rel}","templated":true}]}}